{"id":215,"date":"2019-05-14T11:54:35","date_gmt":"2019-05-14T11:54:35","guid":{"rendered":"http:\/\/ursulaheimann.de\/?page_id=215"},"modified":"2024-09-29T19:46:30","modified_gmt":"2024-09-29T19:46:30","slug":"mittelstand_nachhaltig","status":"publish","type":"page","link":"https:\/\/ursulaheimann.de\/de\/mittelstand_nachhaltig\/","title":{"rendered":"Mittelstand"},"content":{"rendered":"","protected":false},"excerpt":{"rendered":"","protected":false},"author":1,"featured_media":0,"parent":0,"menu_order":0,"comment_status":"closed","ping_status":"open","template":"","meta":{"footnotes":""},"class_list":["post-215","page","type-page","status-publish","hentry"],"yoast_head":"<!-- This site is optimized with the Yoast SEO plugin v23.8 - https:\/\/yoast.com\/wordpress\/plugins\/seo\/ -->\n<title>Mittelstand | Strategien entwickeln, Change umsetzen | Ursula Heimann<\/title>\n<meta name=\"description\" content=\"Innovative Strategien und Ver\u00e4nderungen umsetzen, F\u00fchrung und Teams st\u00e4rken \u2013 mit Dr. Ursula Heimann.\" \/>\n<meta name=\"robots\" content=\"index, follow, max-snippet:-1, max-image-preview:large, max-video-preview:-1\" \/>\n<link rel=\"canonical\" href=\"https:\/\/ursulaheimann.de\/de\/mittelstand_nachhaltig\/\" \/>\n<meta property=\"og:locale\" content=\"de_DE\" \/>\n<meta property=\"og:type\" content=\"article\" \/>\n<meta property=\"og:title\" content=\"Mittelstand | Strategien entwickeln, Change umsetzen | Ursula Heimann\" \/>\n<meta property=\"og:description\" content=\"Innovative Strategien und Ver\u00e4nderungen umsetzen, F\u00fchrung und Teams st\u00e4rken \u2013 mit Dr. Ursula Heimann.\" \/>\n<meta property=\"og:url\" content=\"https:\/\/ursulaheimann.de\/de\/mittelstand_nachhaltig\/\" \/>\n<meta property=\"og:site_name\" content=\"Dr. Ursula Heimann\" \/>\n<meta property=\"article:modified_time\" content=\"2024-09-29T19:46:30+00:00\" \/>\n<meta name=\"twitter:card\" content=\"summary_large_image\" \/>\n<script type=\"application\/ld+json\" class=\"yoast-schema-graph\">{\"@context\":\"https:\/\/schema.org\",\"@graph\":[{\"@type\":\"WebPage\",\"@id\":\"https:\/\/ursulaheimann.de\/de\/mittelstand_nachhaltig\/\",\"url\":\"https:\/\/ursulaheimann.de\/de\/mittelstand_nachhaltig\/\",\"name\":\"Mittelstand | Strategien entwickeln, Change umsetzen | Ursula Heimann\",\"isPartOf\":{\"@id\":\"https:\/\/ursulaheimann.de\/de\/#website\"},\"datePublished\":\"2019-05-14T11:54:35+00:00\",\"dateModified\":\"2024-09-29T19:46:30+00:00\",\"description\":\"Innovative Strategien und Ver\u00e4nderungen umsetzen, F\u00fchrung und Teams st\u00e4rken \u2013 mit Dr. Ursula Heimann.\",\"breadcrumb\":{\"@id\":\"https:\/\/ursulaheimann.de\/de\/mittelstand_nachhaltig\/#breadcrumb\"},\"inLanguage\":\"de\",\"potentialAction\":[{\"@type\":\"ReadAction\",\"target\":[\"https:\/\/ursulaheimann.de\/de\/mittelstand_nachhaltig\/\"]}]},{\"@type\":\"BreadcrumbList\",\"@id\":\"https:\/\/ursulaheimann.de\/de\/mittelstand_nachhaltig\/#breadcrumb\",\"itemListElement\":[{\"@type\":\"ListItem\",\"position\":1,\"name\":\"Home\",\"item\":\"https:\/\/ursulaheimann.de\/de\/\"},{\"@type\":\"ListItem\",\"position\":2,\"name\":\"Mittelstand\"}]},{\"@type\":\"WebSite\",\"@id\":\"https:\/\/ursulaheimann.de\/de\/#website\",\"url\":\"https:\/\/ursulaheimann.de\/de\/\",\"name\":\"Dr. Ursula Heimann\",\"description\":\"Unternehmen gr\u00fcnden und weiterentwickeln\",\"potentialAction\":[{\"@type\":\"SearchAction\",\"target\":{\"@type\":\"EntryPoint\",\"urlTemplate\":\"https:\/\/ursulaheimann.de\/de\/?s={search_term_string}\"},\"query-input\":{\"@type\":\"PropertyValueSpecification\",\"valueRequired\":true,\"valueName\":\"search_term_string\"}}],\"inLanguage\":\"de\"}]}<\/script>\n<!-- \/ Yoast SEO plugin. -->","yoast_head_json":{"title":"Mittelstand | Strategien entwickeln, Change umsetzen | Ursula Heimann","description":"Innovative Strategien und Ver\u00e4nderungen umsetzen, F\u00fchrung und Teams st\u00e4rken \u2013 mit Dr. Ursula Heimann.","robots":{"index":"index","follow":"follow","max-snippet":"max-snippet:-1","max-image-preview":"max-image-preview:large","max-video-preview":"max-video-preview:-1"},"canonical":"https:\/\/ursulaheimann.de\/de\/mittelstand_nachhaltig\/","og_locale":"de_DE","og_type":"article","og_title":"Mittelstand | Strategien entwickeln, Change umsetzen | Ursula Heimann","og_description":"Innovative Strategien und Ver\u00e4nderungen umsetzen, F\u00fchrung und Teams st\u00e4rken \u2013 mit Dr. Ursula Heimann.","og_url":"https:\/\/ursulaheimann.de\/de\/mittelstand_nachhaltig\/","og_site_name":"Dr. Ursula Heimann","article_modified_time":"2024-09-29T19:46:30+00:00","twitter_card":"summary_large_image","schema":{"@context":"https:\/\/schema.org","@graph":[{"@type":"WebPage","@id":"https:\/\/ursulaheimann.de\/de\/mittelstand_nachhaltig\/","url":"https:\/\/ursulaheimann.de\/de\/mittelstand_nachhaltig\/","name":"Mittelstand | Strategien entwickeln, Change umsetzen | Ursula Heimann","isPartOf":{"@id":"https:\/\/ursulaheimann.de\/de\/#website"},"datePublished":"2019-05-14T11:54:35+00:00","dateModified":"2024-09-29T19:46:30+00:00","description":"Innovative Strategien und Ver\u00e4nderungen umsetzen, F\u00fchrung und Teams st\u00e4rken \u2013 mit Dr. Ursula Heimann.","breadcrumb":{"@id":"https:\/\/ursulaheimann.de\/de\/mittelstand_nachhaltig\/#breadcrumb"},"inLanguage":"de","potentialAction":[{"@type":"ReadAction","target":["https:\/\/ursulaheimann.de\/de\/mittelstand_nachhaltig\/"]}]},{"@type":"BreadcrumbList","@id":"https:\/\/ursulaheimann.de\/de\/mittelstand_nachhaltig\/#breadcrumb","itemListElement":[{"@type":"ListItem","position":1,"name":"Home","item":"https:\/\/ursulaheimann.de\/de\/"},{"@type":"ListItem","position":2,"name":"Mittelstand"}]},{"@type":"WebSite","@id":"https:\/\/ursulaheimann.de\/de\/#website","url":"https:\/\/ursulaheimann.de\/de\/","name":"Dr. Ursula Heimann","description":"Unternehmen gr\u00fcnden und weiterentwickeln","potentialAction":[{"@type":"SearchAction","target":{"@type":"EntryPoint","urlTemplate":"https:\/\/ursulaheimann.de\/de\/?s={search_term_string}"},"query-input":{"@type":"PropertyValueSpecification","valueRequired":true,"valueName":"search_term_string"}}],"inLanguage":"de"}]}},"_links":{"self":[{"href":"https:\/\/ursulaheimann.de\/de\/wp-json\/wp\/v2\/pages\/215","targetHints":{"allow":["GET"]}}],"collection":[{"href":"https:\/\/ursulaheimann.de\/de\/wp-json\/wp\/v2\/pages"}],"about":[{"href":"https:\/\/ursulaheimann.de\/de\/wp-json\/wp\/v2\/types\/page"}],"author":[{"embeddable":true,"href":"https:\/\/ursulaheimann.de\/de\/wp-json\/wp\/v2\/users\/1"}],"replies":[{"embeddable":true,"href":"https:\/\/ursulaheimann.de\/de\/wp-json\/wp\/v2\/comments?post=215"}],"version-history":[{"count":3,"href":"https:\/\/ursulaheimann.de\/de\/wp-json\/wp\/v2\/pages\/215\/revisions"}],"predecessor-version":[{"id":1408,"href":"https:\/\/ursulaheimann.de\/de\/wp-json\/wp\/v2\/pages\/215\/revisions\/1408"}],"wp:attachment":[{"href":"https:\/\/ursulaheimann.de\/de\/wp-json\/wp\/v2\/media?parent=215"}],"curies":[{"name":"wp","href":"https:\/\/api.w.org\/{rel}","templated":true}]}}